{"id":50,"date":"2023-10-30T12:51:22","date_gmt":"2023-10-30T11:51:22","guid":{"rendered":"https:\/\/hydro-genhn.sk\/?page_id=50"},"modified":"2025-09-03T11:54:27","modified_gmt":"2025-09-03T09:54:27","slug":"domov","status":"publish","type":"page","link":"https:\/\/hydro-genhn.sk\/","title":{"rendered":"Domov"},"content":{"rendered":"\t\t<div data-elementor-type=\"wp-page\" data-elementor-id=\"50\" class=\"elementor elementor-50\" data-elementor-post-type=\"page\">\n\t\t\t\t<div class=\"elementor-element elementor-element-969e1fc e-flex e-con-boxed e-con e-parent\" data-id=\"969e1fc\" data-element_type=\"container\" data-settings=\"{&quot;background_background&quot;:&quot;video&quot;,&quot;background_video_link&quot;:&quot;https:\\\/\\\/hydro-genhn.sk\\\/wp-content\\\/uploads\\\/2023\\\/11\\\/Comp-15-2.mp4&quot;,&quot;background_play_on_mobile&quot;:&quot;yes&quot;,&quot;content_width&quot;:&quot;boxed&quot;}\" data-core-v316-plus=\"true\">\n\t\t\t\t\t<div class=\"e-con-inner\">\n\t\t<div class=\"elementor-background-video-container\">\n\t\t\t\t\t\t\t<video class=\"elementor-background-video-hosted elementor-html5-video\" autoplay muted playsinline loop><\/video>\n\t\t\t\t\t<\/div>\t\t<div class=\"elementor-element elementor-element-eefb86f elementor-widget elementor-widget-heading\" data-id=\"eefb86f\" data-element_type=\"widget\" data-widget_type=\"heading.default\">\n\t\t\t\t<div class=\"elementor-widget-container\">\n\t\t\t<style>\/*! elementor - v3.19.0 - 05-02-2024 *\/\n.elementor-heading-title{padding:0;margin:0;line-height:1}.elementor-widget-heading .elementor-heading-title[class*=elementor-size-]>a{color:inherit;font-size:inherit;line-height:inherit}.elementor-widget-heading .elementor-heading-title.elementor-size-small{font-size:15px}.elementor-widget-heading .elementor-heading-title.elementor-size-medium{font-size:19px}.elementor-widget-heading .elementor-heading-title.elementor-size-large{font-size:29px}.elementor-widget-heading .elementor-heading-title.elementor-size-xl{font-size:39px}.elementor-widget-heading .elementor-heading-title.elementor-size-xxl{font-size:59px}<\/style><h2 class=\"elementor-heading-title elementor-size-default\"><span style=\"font-size:60px\">Vodn\u00e9 elektr\u00e1rne<\/span>\n<\/h2>\t\t<\/div>\n\t\t\t\t<\/div>\n\t\t\t\t<div class=\"elementor-element elementor-element-f6dc29b elementor-widget elementor-widget-heading\" data-id=\"f6dc29b\" data-element_type=\"widget\" data-widget_type=\"heading.default\">\n\t\t\t\t<div class=\"elementor-widget-container\">\n\t\t\t<h2 class=\"elementor-heading-title elementor-size-default\"><span style=\"font-size:40px\">Horn\u00e1 Nitra<\/span><\/h2>\t\t<\/div>\n\t\t\t\t<\/div>\n\t\t\t\t<div class=\"elementor-element elementor-element-c4158e2 elementor-widget elementor-widget-button\" data-id=\"c4158e2\" data-element_type=\"widget\" data-widget_type=\"button.default\">\n\t\t\t\t<div class=\"elementor-widget-container\">\n\t\t\t\t\t<div class=\"elementor-button-wrapper\">\n\t\t\t<a class=\"elementor-button elementor-button-link elementor-size-sm\" href=\"\/#o-nas\">\n\t\t\t\t\t\t<span class=\"elementor-button-content-wrapper\">\n\t\t\t\t\t\t<span class=\"elementor-button-text\">O n\u00e1s<\/span>\n\t\t<\/span>\n\t\t\t\t\t<\/a>\n\t\t<\/div>\n\t\t\t\t<\/div>\n\t\t\t\t<\/div>\n\t\t\t\t\t<\/div>\n\t\t\t\t<\/div>\n\t\t<div class=\"elementor-element elementor-element-4c3cac6b e-flex e-con-boxed e-con e-parent\" data-id=\"4c3cac6b\" data-element_type=\"container\" id=\"o-nas\" data-settings=\"{&quot;content_width&quot;:&quot;boxed&quot;}\" data-core-v316-plus=\"true\">\n\t\t\t\t\t<div class=\"e-con-inner\">\n\t\t\t\t<div class=\"elementor-element elementor-element-58df814 elementor-widget__width-initial e-transform elementor-widget elementor-widget-image\" data-id=\"58df814\" data-element_type=\"widget\" data-settings=\"{&quot;_transform_translateX_effect&quot;:{&quot;unit&quot;:&quot;px&quot;,&quot;size&quot;:&quot;&quot;,&quot;sizes&quot;:[]},&quot;_transform_translateX_effect_tablet&quot;:{&quot;unit&quot;:&quot;px&quot;,&quot;size&quot;:&quot;&quot;,&quot;sizes&quot;:[]},&quot;_transform_translateX_effect_mobile&quot;:{&quot;unit&quot;:&quot;px&quot;,&quot;size&quot;:&quot;&quot;,&quot;sizes&quot;:[]},&quot;_transform_translateY_effect&quot;:{&quot;unit&quot;:&quot;px&quot;,&quot;size&quot;:&quot;&quot;,&quot;sizes&quot;:[]},&quot;_transform_translateY_effect_tablet&quot;:{&quot;unit&quot;:&quot;px&quot;,&quot;size&quot;:&quot;&quot;,&quot;sizes&quot;:[]},&quot;_transform_translateY_effect_mobile&quot;:{&quot;unit&quot;:&quot;px&quot;,&quot;size&quot;:&quot;&quot;,&quot;sizes&quot;:[]}}\" data-widget_type=\"image.default\">\n\t\t\t\t<div class=\"elementor-widget-container\">\n\t\t\t<style>\/*! elementor - v3.19.0 - 05-02-2024 *\/\n.elementor-widget-image{text-align:center}.elementor-widget-image a{display:inline-block}.elementor-widget-image a img[src$=\".svg\"]{width:48px}.elementor-widget-image img{vertical-align:middle;display:inline-block}<\/style>\t\t\t\t\t\t\t\t\t\t<img fetchpriority=\"high\" decoding=\"async\" width=\"683\" height=\"1024\" src=\"https:\/\/hydro-genhn.sk\/wp-content\/uploads\/2023\/10\/17-683x1024.jpg\" class=\"attachment-large size-large wp-image-178\" alt=\"\" srcset=\"https:\/\/hydro-genhn.sk\/wp-content\/uploads\/2023\/10\/17-683x1024.jpg 683w, https:\/\/hydro-genhn.sk\/wp-content\/uploads\/2023\/10\/17-200x300.jpg 200w, https:\/\/hydro-genhn.sk\/wp-content\/uploads\/2023\/10\/17-768x1152.jpg 768w, https:\/\/hydro-genhn.sk\/wp-content\/uploads\/2023\/10\/17-1024x1536.jpg 1024w, https:\/\/hydro-genhn.sk\/wp-content\/uploads\/2023\/10\/17-1365x2048.jpg 1365w, https:\/\/hydro-genhn.sk\/wp-content\/uploads\/2023\/10\/17-scaled.jpg 1707w\" sizes=\"(max-width: 683px) 100vw, 683px\" \/>\t\t\t\t\t\t\t\t\t\t\t\t\t<\/div>\n\t\t\t\t<\/div>\n\t\t<div class=\"elementor-element elementor-element-38737bf9 e-con-full e-flex e-con e-child\" data-id=\"38737bf9\" data-element_type=\"container\" data-settings=\"{&quot;content_width&quot;:&quot;full&quot;}\">\n\t\t\t\t<div class=\"elementor-element elementor-element-4fa4a666 elementor-widget elementor-widget-heading\" data-id=\"4fa4a666\" data-element_type=\"widget\" data-widget_type=\"heading.default\">\n\t\t\t\t<div class=\"elementor-widget-container\">\n\t\t\t<h2 class=\"elementor-heading-title elementor-size-default\">O n\u00e1s<\/h2>\t\t<\/div>\n\t\t\t\t<\/div>\n\t\t\t\t<div class=\"elementor-element elementor-element-3e691c69 elementor-widget elementor-widget-text-editor\" data-id=\"3e691c69\" data-element_type=\"widget\" data-widget_type=\"text-editor.default\">\n\t\t\t\t<div class=\"elementor-widget-container\">\n\t\t\t<style>\/*! elementor - v3.19.0 - 05-02-2024 *\/\n.elementor-widget-text-editor.elementor-drop-cap-view-stacked .elementor-drop-cap{background-color:#69727d;color:#fff}.elementor-widget-text-editor.elementor-drop-cap-view-framed .elementor-drop-cap{color:#69727d;border:3px solid;background-color:transparent}.elementor-widget-text-editor:not(.elementor-drop-cap-view-default) .elementor-drop-cap{margin-top:8px}.elementor-widget-text-editor:not(.elementor-drop-cap-view-default) .elementor-drop-cap-letter{width:1em;height:1em}.elementor-widget-text-editor .elementor-drop-cap{float:left;text-align:center;line-height:1;font-size:50px}.elementor-widget-text-editor .elementor-drop-cap-letter{display:inline-block}<\/style>\t\t\t\t<p>Vitajte v Hydro Gen a.s. &#8211; v\u00e1\u0161 partner pre udr\u017eate\u013en\u00fa energiu. Na\u0161a firma je domovom \u0161tyroch k\u013e\u00fa\u010dov\u00fdch projektov: MVE Prese\u013eany, MVE Nov\u00e1ky, MDS Pres\u013eany a FVE Pres\u013eany.<\/p><p>MVE Prese\u013eany s bohatou hist\u00f3riou od 70. rokov 20. storo\u010dia, nesl\u00fa\u017ei len na ochranu pred povod\u0148ami, ale je aj v\u00fdznamn\u00fdm zdrojom pre po\u013enohospod\u00e1rske a energetick\u00e9 potreby. MVE Nov\u00e1ky predstavuj\u00fa modern\u00fa technol\u00f3giu vyu\u017e\u00edvania vodnej energie, s ha\u0165ou Nov\u00e1ky I. ako k\u013e\u00fa\u010dov\u00fdm uzlom.<\/p><p>MDS Pres\u013eany tvoria na\u0161u miestnu distribu\u010dn\u00fa sie\u0165, ktor\u00e1 efekt\u00edvne distribuuje energiu v regi\u00f3ne. FVE Pres\u013eany predstavuj\u00fa na\u0161u fotovoltaick\u00fa elektr\u00e1re\u0148, vyu\u017e\u00edvaj\u00facu slne\u010dn\u00fa energiu.<\/p>\t\t\t\t\t\t<\/div>\n\t\t\t\t<\/div>\n\t\t\t\t<\/div>\n\t\t\t\t\t<\/div>\n\t\t\t\t<\/div>\n\t\t<div class=\"elementor-element elementor-element-76b52626 e-con-full e-flex e-con e-parent\" data-id=\"76b52626\" data-element_type=\"container\" id=\"nase-sluzby\" data-settings=\"{&quot;content_width&quot;:&quot;full&quot;}\" data-core-v316-plus=\"true\">\n\t\t\t\t<div class=\"elementor-element elementor-element-30e5297 elementor-widget elementor-widget-heading\" data-id=\"30e5297\" data-element_type=\"widget\" data-widget_type=\"heading.default\">\n\t\t\t\t<div class=\"elementor-widget-container\">\n\t\t\t<h2 class=\"elementor-heading-title elementor-size-default\">Vodn\u00e9 elektr\u00e1rne<\/h2>\t\t<\/div>\n\t\t\t\t<\/div>\n\t\t\t\t<div class=\"elementor-element elementor-element-ccbb979 elementor-widget elementor-widget-heading\" data-id=\"ccbb979\" data-element_type=\"widget\" data-widget_type=\"heading.default\">\n\t\t\t\t<div class=\"elementor-widget-container\">\n\t\t\t<h5 class=\"elementor-heading-title elementor-size-default\">Na\u0161e vodn\u00e9 elektr\u00e1rne.<\/h5>\t\t<\/div>\n\t\t\t\t<\/div>\n\t\t<div class=\"elementor-element elementor-element-b2d7dbe e-con-full e-flex e-con e-child\" data-id=\"b2d7dbe\" data-element_type=\"container\" data-settings=\"{&quot;content_width&quot;:&quot;full&quot;}\">\n\t\t\t\t<div class=\"elementor-element elementor-element-43ed2439 elementor-widget-tablet__width-initial elementor-widget-mobile__width-inherit elementor-widget__width-initial elementor-position-top elementor-widget elementor-widget-image-box\" data-id=\"43ed2439\" data-element_type=\"widget\" data-widget_type=\"image-box.default\">\n\t\t\t\t<div class=\"elementor-widget-container\">\n\t\t\t<style>\/*! elementor - v3.19.0 - 05-02-2024 *\/\n.elementor-widget-image-box .elementor-image-box-content{width:100%}@media (min-width:768px){.elementor-widget-image-box.elementor-position-left .elementor-image-box-wrapper,.elementor-widget-image-box.elementor-position-right .elementor-image-box-wrapper{display:flex}.elementor-widget-image-box.elementor-position-right .elementor-image-box-wrapper{text-align:right;flex-direction:row-reverse}.elementor-widget-image-box.elementor-position-left .elementor-image-box-wrapper{text-align:left;flex-direction:row}.elementor-widget-image-box.elementor-position-top .elementor-image-box-img{margin:auto}.elementor-widget-image-box.elementor-vertical-align-top .elementor-image-box-wrapper{align-items:flex-start}.elementor-widget-image-box.elementor-vertical-align-middle .elementor-image-box-wrapper{align-items:center}.elementor-widget-image-box.elementor-vertical-align-bottom .elementor-image-box-wrapper{align-items:flex-end}}@media (max-width:767px){.elementor-widget-image-box .elementor-image-box-img{margin-left:auto!important;margin-right:auto!important;margin-bottom:15px}}.elementor-widget-image-box .elementor-image-box-img{display:inline-block}.elementor-widget-image-box .elementor-image-box-title a{color:inherit}.elementor-widget-image-box .elementor-image-box-wrapper{text-align:center}.elementor-widget-image-box .elementor-image-box-description{margin:0}<\/style><div class=\"elementor-image-box-wrapper\"><figure class=\"elementor-image-box-img\"><img decoding=\"async\" src=\"https:\/\/hydro-genhn.sk\/wp-content\/uploads\/elementor\/thumbs\/STM-Foto-44-scaled-qh1ol9n8q8yaielnchsobamivk1uz2sak0guptsknc.jpg\" title=\"STM-Foto-44\" alt=\"STM-Foto-44\" class=\"elementor-animation-grow\" loading=\"lazy\" \/><\/figure><div class=\"elementor-image-box-content\"><h4 class=\"elementor-image-box-title\">MVE Prese\u013eany<\/h4><p class=\"elementor-image-box-description\">MVE Prese\u013eany sa nach\u00e1dza na rieke Nitra v r. km 80,400 v k.\u00fa. Prese\u013eany, v tejto \u010dasti bola rieka Nitra v 70.-tich rokoch 20. storo\u010dia zregulovan\u00e1. Pri regul\u00e1ci\u00ed toku bola postaven\u00e1 ha\u0165 Prese\u013eany za \u00fa\u010delom ochrany pred povod\u0148ami, vzdutie hladiny pre po\u013enohospod\u00e1rske \u00fa\u010dely a pre energetick\u00e9 vyu\u017eitie.<\/p><\/div><\/div>\t\t<\/div>\n\t\t\t\t<\/div>\n\t\t\t\t<div class=\"elementor-element elementor-element-3afe9b04 elementor-widget-tablet__width-initial elementor-widget-mobile__width-inherit elementor-widget__width-initial elementor-position-top elementor-widget elementor-widget-image-box\" data-id=\"3afe9b04\" data-element_type=\"widget\" data-widget_type=\"image-box.default\">\n\t\t\t\t<div class=\"elementor-widget-container\">\n\t\t\t<div class=\"elementor-image-box-wrapper\"><figure class=\"elementor-image-box-img\"><img decoding=\"async\" src=\"https:\/\/hydro-genhn.sk\/wp-content\/uploads\/elementor\/thumbs\/STM-Foto-31-scaled-qh1olfa9v960g2dgfk8fq97afva299eoksdrlhk7m0.jpg\" title=\"STM-Foto-31\" alt=\"STM-Foto-31\" class=\"elementor-animation-grow\" loading=\"lazy\" \/><\/figure><div class=\"elementor-image-box-content\"><h4 class=\"elementor-image-box-title\">MVE Nov\u00e1ky<\/h4><p class=\"elementor-image-box-description\">MVE Nov\u00e1ky sa nach\u00e1dza na rieke Nitra v r. km 132,600 v k.\u00fa. Existuj\u00faca ha\u0165 Nov\u00e1ky I. s odbern\u00fdm objektom sl\u00fa\u017ei okrem in\u00e9ho pre nap\u00fa\u0161\u0165anie Lelovskej zdr\u017ee a pre energetick\u00e9 vyu\u017eitie MVE.        <\/p><\/div><\/div>\t\t<\/div>\n\t\t\t\t<\/div>\n\t\t\t\t<div class=\"elementor-element elementor-element-4013ea92 elementor-widget-tablet__width-initial elementor-widget-mobile__width-inherit elementor-widget__width-initial elementor-position-top elementor-widget elementor-widget-image-box\" data-id=\"4013ea92\" data-element_type=\"widget\" data-widget_type=\"image-box.default\">\n\t\t\t\t<div class=\"elementor-widget-container\">\n\t\t\t<div class=\"elementor-image-box-wrapper\"><figure class=\"elementor-image-box-img\"><img decoding=\"async\" src=\"https:\/\/hydro-genhn.sk\/wp-content\/uploads\/elementor\/thumbs\/heavy-metal-housing-with-welded-flanges-scaled-qh1okyd6g8iun3216cx5hdgzqxlgepjiign0yi9aq0.jpg\" title=\"heavy metal housing with welded flanges.\" alt=\"Industrial background, heavy metal housing with welded metal flanges. Shallow depth of field.\" class=\"elementor-animation-grow\" loading=\"lazy\" \/><\/figure><div class=\"elementor-image-box-content\"><h4 class=\"elementor-image-box-title\">MDS Prese\u013eany<\/h4><p class=\"elementor-image-box-description\"><a href=\"https:\/\/hydro-genhn.sk\/wp-content\/uploads\/2023\/11\/Prevadzkovy-poriadok-MDS-5.10.2023.docx\">Prev\u00e1dzkov\u00fd poriadok MDS<\/a><br><br>\n \n<a href=\"https:\/\/hydro-genhn.sk\/wp-content\/uploads\/2025\/09\/Tarify-za-pristup-do-DS-a-distribuciu-elektriny.pdf\">Tarify za pr\u00edstup do MDS a distrib\u00faciu elektriny<\/a><br><br> \n \n<a href=\"https:\/\/hydro-genhn.sk\/wp-content\/uploads\/2023\/11\/HG-337-URSO-Rozhodnutie-o-schvaleni-ceny-za-dodavku-elektriny-ZO-na-rok-2024.pdf\">Ceny za dod\u00e1vku elektriny<\/a><br><br> \n\n<a href=\"https:\/\/hydro-genhn.sk\/wp-content\/uploads\/2025\/09\/Informacia-o-dynamickej-cene-elektriny.pdf\">Inform\u00e1cia o dynamickej cene elektriny<\/a><\/p><\/div><\/div>\t\t<\/div>\n\t\t\t\t<\/div>\n\t\t\t\t<div class=\"elementor-element elementor-element-580d492f elementor-widget-tablet__width-initial elementor-widget-mobile__width-inherit elementor-widget__width-initial elementor-position-top elementor-widget elementor-widget-image-box\" data-id=\"580d492f\" data-element_type=\"widget\" data-widget_type=\"image-box.default\">\n\t\t\t\t<div class=\"elementor-widget-container\">\n\t\t\t<div class=\"elementor-image-box-wrapper\"><figure class=\"elementor-image-box-img\"><img decoding=\"async\" src=\"https:\/\/hydro-genhn.sk\/wp-content\/uploads\/elementor\/thumbs\/IMG_8344-1-scaled-qh1oktnzi2cf118uxsw0mwnos08mc80uttdlk4g9l4.jpg\" title=\"IMG_8344-1\" alt=\"IMG_8344-1\" class=\"elementor-animation-grow\" loading=\"lazy\" \/><\/figure><div class=\"elementor-image-box-content\"><h4 class=\"elementor-image-box-title\">FVE Prese\u013eany<\/h4><p class=\"elementor-image-box-description\">In\u0161talovan\u00fd v\u00fdkon - 0,086 kW\nPriemern\u00e1 ro\u010dn\u00e1 v\u00fdroba - 25 MWh<\/p><\/div><\/div>\t\t<\/div>\n\t\t\t\t<\/div>\n\t\t\t\t<\/div>\n\t\t\t\t<\/div>\n\t\t<div class=\"elementor-element elementor-element-77ccfb7a e-con-full e-flex e-con e-parent\" data-id=\"77ccfb7a\" data-element_type=\"container\" data-settings=\"{&quot;background_background&quot;:&quot;video&quot;,&quot;content_width&quot;:&quot;full&quot;,&quot;background_video_link&quot;:&quot;https:\\\/\\\/hydro-genhn.sk\\\/wp-content\\\/uploads\\\/2023\\\/11\\\/Comp-7-2.mp4&quot;,&quot;background_play_on_mobile&quot;:&quot;yes&quot;}\" data-core-v316-plus=\"true\">\n\t\t<div class=\"elementor-background-video-container\">\n\t\t\t\t\t\t\t<video class=\"elementor-background-video-hosted elementor-html5-video\" autoplay muted playsinline loop><\/video>\n\t\t\t\t\t<\/div>\t\t<div class=\"elementor-element elementor-element-764d0839 elementor-cta--layout-image-right elementor-cta--valign-middle elementor-cta--mobile-layout-image-above elementor-widget__width-initial elementor-widget-tablet__width-inherit elementor-cta--skin-classic elementor-animated-content elementor-bg-transform elementor-bg-transform-zoom-in elementor-widget elementor-widget-call-to-action\" data-id=\"764d0839\" data-element_type=\"widget\" data-widget_type=\"call-to-action.default\">\n\t\t\t\t<div class=\"elementor-widget-container\">\n\t\t\t<link rel=\"stylesheet\" href=\"https:\/\/hydro-genhn.sk\/wp-content\/plugins\/elementor-pro\/assets\/css\/widget-call-to-action.min.css\">\t\t<div class=\"elementor-cta\">\n\t\t\t\t\t\t\t<div class=\"elementor-cta__content\">\n\t\t\t\t\n\t\t\t\t\t\t\t\t\t<h2 class=\"elementor-cta__title elementor-cta__content-item elementor-content-item\">\n\t\t\t\t\t\tNev\u00e1hajte n\u00e1s kontaktova\u0165\t\t\t\t\t<\/h2>\n\t\t\t\t\n\t\t\t\t\t\t\t\t\t<div class=\"elementor-cta__description elementor-cta__content-item elementor-content-item\">\n\t\t\t\t\t\tPre viac inform\u00e1ci\u00ed n\u00e1s nev\u00e1hajte kontaktova\u0165.\t\t\t\t\t<\/div>\n\t\t\t\t\n\t\t\t\t\t\t\t\t\t<div class=\"elementor-cta__button-wrapper elementor-cta__content-item elementor-content-item \">\n\t\t\t\t\t<a class=\"elementor-cta__button elementor-button elementor-size-md\" href=\"https:\/\/hydro-genhn.sk\/index.php\/kontakt\/\">\n\t\t\t\t\t\tKontaktujte n\u00e1s\t\t\t\t\t<\/a>\n\t\t\t\t\t<\/div>\n\t\t\t\t\t\t\t<\/div>\n\t\t\t\t\t\t<\/div>\n\t\t\t\t<\/div>\n\t\t\t\t<\/div>\n\t\t\t\t<\/div>\n\t\t<div class=\"elementor-element elementor-element-6163d2a e-flex e-con-boxed e-con e-parent\" data-id=\"6163d2a\" data-element_type=\"container\" data-settings=\"{&quot;content_width&quot;:&quot;boxed&quot;}\" data-core-v316-plus=\"true\">\n\t\t\t\t\t<div class=\"e-con-inner\">\n\t\t\t\t\t<\/div>\n\t\t\t\t<\/div>\n\t\t\t\t<\/div>\n\t\t","protected":false},"excerpt":{"rendered":"<p>Vodn\u00e9 elektr\u00e1rne Horn\u00e1 Nitra O n\u00e1s O n\u00e1s Vitajte v Hydro Gen a.s. &#8211; v\u00e1\u0161 partner pre udr\u017eate\u013en\u00fa energiu. Na\u0161a firma je domovom \u0161tyroch k\u013e\u00fa\u010dov\u00fdch projektov: MVE Prese\u013eany, MVE Nov\u00e1ky, MDS Pres\u013eany a FVE Pres\u013eany. MVE Prese\u013eany s bohatou hist\u00f3riou od 70. rokov 20. storo\u010dia, nesl\u00fa\u017ei len na ochranu pred povod\u0148ami, ale je aj v\u00fdznamn\u00fdm [&hellip;]<\/p>\n","protected":false},"author":2,"featured_media":0,"parent":0,"menu_order":0,"comment_status":"closed","ping_status":"closed","template":"elementor_header_footer","meta":{"footnotes":""},"class_list":["post-50","page","type-page","status-publish","hentry"],"_links":{"self":[{"href":"https:\/\/hydro-genhn.sk\/index.php\/wp-json\/wp\/v2\/pages\/50","targetHints":{"allow":["GET"]}}],"collection":[{"href":"https:\/\/hydro-genhn.sk\/index.php\/wp-json\/wp\/v2\/pages"}],"about":[{"href":"https:\/\/hydro-genhn.sk\/index.php\/wp-json\/wp\/v2\/types\/page"}],"author":[{"embeddable":true,"href":"https:\/\/hydro-genhn.sk\/index.php\/wp-json\/wp\/v2\/users\/2"}],"replies":[{"embeddable":true,"href":"https:\/\/hydro-genhn.sk\/index.php\/wp-json\/wp\/v2\/comments?post=50"}],"version-history":[{"count":253,"href":"https:\/\/hydro-genhn.sk\/index.php\/wp-json\/wp\/v2\/pages\/50\/revisions"}],"predecessor-version":[{"id":495,"href":"https:\/\/hydro-genhn.sk\/index.php\/wp-json\/wp\/v2\/pages\/50\/revisions\/495"}],"wp:attachment":[{"href":"https:\/\/hydro-genhn.sk\/index.php\/wp-json\/wp\/v2\/media?parent=50"}],"curies":[{"name":"wp","href":"https:\/\/api.w.org\/{rel}","templated":true}]}}